{"id":1248,"date":"2023-02-28T11:41:12","date_gmt":"2023-02-28T08:41:12","guid":{"rendered":"https:\/\/www.bongo.ee\/?page_id=1248"},"modified":"2026-01-28T08:13:43","modified_gmt":"2026-01-28T05:13:43","slug":"uudised-1","status":"publish","type":"page","link":"https:\/\/www.bongo.ee\/de\/uudised-1\/","title":{"rendered":"Nachricht"},"content":{"rendered":"<p><\/p>\n<div class=\"pages\"><a href=\"https:\/\/www.bongo.ee\/de\/uudised\/\">1<\/a>, 2, <a href=\"https:\/\/www.bongo.ee\/de\/uudised-2\/\">3<\/a>, <a href=\"https:\/\/www.bongo.ee\/de\/uudised-3\/\">4<\/a><\/div>\n<h4>17.06.2025<\/h4>\n<h3 class=\"news\">Die Urlaubszeit ist da \u2013 vertrauen Sie den Profis!<\/h3>\n<p style=\"text-align: justify;\">Der Sommer ist in vollem Gange, und viele von uns planen ihren wohlverdienten Urlaub. Wir m\u00f6chten, dass alles reibungslos l\u00e4uft \u2013 vom Flughafentransfer bis zur R\u00fcckkehr nach Hause. Lassen Sie Bongo Takso sich um diesen wichtigen Teil Ihrer Reise k\u00fcmmern!<\/p>\n<p style=\"text-align: justify;\">Seit \u00fcber 9 Jahren sind wir im Bereich Personentransport t\u00e4tig und sorgen t\u00e4glich daf\u00fcr, dass unsere Kunden ruhig, komfortabel, hochwertig und \u2013 vor allem \u2013 p\u00fcnktlich ans Ziel kommen.<\/p>\n<p style=\"text-align: justify;\">Wenn Sie Ihre Reise planen, empfehlen wir Ihnen, Ihren Transfer rechtzeitig bei uns zu buchen. Wir w\u00e4hlen das passende Fahrzeug aus \u2013 abgestimmt auf Flugzeiten, Anzahl der Passagiere, eventuelle Kinder, Gep\u00e4ck und individuelle W\u00fcnsche.<\/p>\n<p style=\"text-align: justify;\">Unser gro\u00dfer und vielf\u00e4ltiger Fuhrpark sowie unsere zuverl\u00e4ssigen, freundlichen Fahrer sorgen f\u00fcr eine entspannte Fahrt. Der Fahrer kommt p\u00fcnktlich, l\u00e4dt Ihr Gep\u00e4ck ein \u2013 w\u00e4hrend Sie im Fahrzeug bereits mit einer Flasche Mineralwasser den Urlaub beginnen k\u00f6nnen.<\/p>\n<p style=\"text-align: justify;\">Auch den <a href=\"https:\/\/www.bongo.ee\/de\/transfeerteenus\/\">R\u00fccktransfer vom Flughafen nach Hausek\u00f6nnen<\/a>Sie bei uns buchen. Unser Fahrer verfolgt Ihren Flug online, empf\u00e4ngt Sie mit einem Namensschild, hilft mit dem Gep\u00e4ck und bringt Sie sicher und bequem nach Hause.<\/p>\n<p style=\"text-align: justify;\">Alle Details k\u00f6nnen Sie per <a href=\"mailto:bongotakso@gmail.com\">E-Mail<\/a> mit uns abstimmen. Starten und beenden Sie Ihren Urlaub ganz entspannt \u2013 mit Bongo Takso!<\/p>\n<p><img decoding=\"async\" src=\"https:\/\/www.bongo.ee\/wp-content\/uploads\/bt2025_09.jpg\" alt=\"die Urlaubszeit ist da \u2013 vertrauen Sie den Profis\" width=\"100%\" \/><\/p>\n<hr width=\"100%\" \/>\n<p>&nbsp;<\/p>\n<div class=\"pages\"><a href=\"https:\/\/www.bongo.ee\/de\/uudised\/\">1<\/a>, 2, <a href=\"https:\/\/www.bongo.ee\/de\/uudised-2\/\">3<\/a>, <a href=\"https:\/\/www.bongo.ee\/de\/uudised-3\/\">4<\/a><\/div>\n<p><\/p>","protected":false},"excerpt":{"rendered":"<p>1, 2, 3, 4 17.06.2025 Die Urlaubszeit ist da \u2013 vertrauen Sie den Profis! Der Sommer ist in vollem Gange, und viele von uns planen ihren wohlverdienten Urlaub. Wir m\u00f6chten, dass alles reibungslos l\u00e4uft \u2013 vom Flughafentransfer bis zur R\u00fcckkehr nach Hause. Lassen Sie Bongo Takso sich um diesen wichtigen Teil Ihrer Reise k\u00fcmmern! Seit [&hellip;]<\/p>\n","protected":false},"author":1,"featured_media":0,"parent":0,"menu_order":0,"comment_status":"closed","ping_status":"closed","template":"","meta":{"_acf_changed":false,"footnotes":""},"class_list":["post-1248","page","type-page","status-publish","hentry"],"acf":[],"_links":{"self":[{"href":"https:\/\/www.bongo.ee\/de\/wp-json\/wp\/v2\/pages\/1248","targetHints":{"allow":["GET"]}}],"collection":[{"href":"https:\/\/www.bongo.ee\/de\/wp-json\/wp\/v2\/pages"}],"about":[{"href":"https:\/\/www.bongo.ee\/de\/wp-json\/wp\/v2\/types\/page"}],"author":[{"embeddable":true,"href":"https:\/\/www.bongo.ee\/de\/wp-json\/wp\/v2\/users\/1"}],"replies":[{"embeddable":true,"href":"https:\/\/www.bongo.ee\/de\/wp-json\/wp\/v2\/comments?post=1248"}],"version-history":[{"count":5,"href":"https:\/\/www.bongo.ee\/de\/wp-json\/wp\/v2\/pages\/1248\/revisions"}],"predecessor-version":[{"id":1856,"href":"https:\/\/www.bongo.ee\/de\/wp-json\/wp\/v2\/pages\/1248\/revisions\/1856"}],"wp:attachment":[{"href":"https:\/\/www.bongo.ee\/de\/wp-json\/wp\/v2\/media?parent=1248"}],"curies":[{"name":"wp","href":"https:\/\/api.w.org\/{rel}","templated":true}]}}