{"id":146,"date":"2016-11-18T15:44:33","date_gmt":"2016-11-18T15:44:33","guid":{"rendered":"https:\/\/bongo.ee\/?page_id=146"},"modified":"2024-07-11T10:52:09","modified_gmt":"2024-07-11T07:52:09","slug":"transfeerteenus","status":"publish","type":"page","link":"https:\/\/www.bongo.ee\/de\/transfeerteenus\/","title":{"rendered":"Transfer zum Flughafen, Bahnhof, Hafen"},"content":{"rendered":"<p>Bongo Takso hilft Ihnen, schnell und sicher vom Flughafen, Bahnhof oder Hafen Tallinn zu Ihrem Ziel und von dort zur\u00fcck gelangen. Mit unserem Transferleistung erhalten Sie einwandfreie Qualit\u00e4t und freundlichen Service. Unser erfahrener Fahrer wartet auf Sie oder ihre G\u00e4ste bei der Ankunft mit einem Namensschild.<\/p>\n<p>Mit einem komfortablen Auto werden Sie zum Hotel, Appartements zu jedem Ort in Estland gebracht. W\u00e4hrend Sie ein Erfrischungsgetr\u00e4nk und einen faszinierenden Blick auf Tallinn genie\u00dfen und haben Spa\u00df an einer Bewegung durch die Stadt, kann unser Fahrer eine einfache Stadtrundfahrt durchf\u00fchren und Sie mit der Stadt und den herrlichen Sehensw\u00fcrdigkeiten von Tallinn vertraut machen. F\u00fcr Touristen mit ihrer eigenen Reiseroute in Tallinn werden wir helfen, diese Route zu verwirklichen und angenehme und unvergessliche Gef\u00fchle zu bekommen.<\/p>\n<p>In unserer Flotte gibt es Autos der Premium-Klasse in einem ausgezeichneten technischen Zustand. Sie m\u00fcssen keine Parkgeb\u00fchren extra bezahlen. Es reicht aus, einen Fixpreis f\u00fcr den Transfer zu zahlen. Wir reichen unseren Firmenkunden alle erforderlichen Dokumente f\u00fcr die Buchhaltung ein.<\/p>\n<p>Sie k\u00f6nnen auch einen R\u00fccktransfer bestellen. Wir bringen Sie zum Flughafen, Hafen, Bahnhof oder Busbahnhof in Tallinn. Die Lieferung unseres Autos wird p\u00fcnktlich sein. Wenn Sie eine Reise mit einer gr\u00f6\u00dferen Gruppe planen oder viel Gep\u00e4ck haben, machen Sie sich keine Sorgen &#8211; wir w\u00e4hlen ein ger\u00e4umiges und komfortables Fahrzeug aus, z. B. einen Minibus oder einen Minivan.<\/p>\n<p>Um einen individuellen Transfer zu buchen, senden Sie eine Anfrage f\u00fcr die Erbringung von Dienstleistungen per E-Mail: <a href=\"mailto:info@bongo.ee\">info@bongo.ee<\/a> oder rufen Sie an: <a href=\"tel:+37255599952\">+372 555 999 52<\/a>, <a href=\"tel:+3726615157\">+372 66 15157<\/a>. Mit Hilfe unserer App \u00abBongo Takso\u00bb k\u00f6nnen Sie einfach und bequem einen Transfer vorbestellen, auch wenn Sie unterwegs sind.<\/p>\n<p>Bitte senden Sie Ihre Taxitransferauftrag mindestens zwei bis sieben Tage im Voraus. Bitte beachten Sie, dass unser Auto p\u00fcnktlich ankommt, planen Sie Ihre Zeit also sorgf\u00e4ltig ein und ber\u00fccksichtigen Sie die L\u00e4nge der Fahrt und m\u00f6gliche Versp\u00e4tungen.<\/p>","protected":false},"excerpt":{"rendered":"<p>Bongo Takso hilft Ihnen, schnell und sicher vom Flughafen, Bahnhof oder Hafen Tallinn zu Ihrem Ziel und von dort zur\u00fcck gelangen. Mit unserem Transferleistung erhalten Sie einwandfreie Qualit\u00e4t und freundlichen Service. Unser erfahrener Fahrer wartet auf Sie oder ihre G\u00e4ste bei der Ankunft mit einem Namensschild. Mit einem komfortablen Auto werden Sie zum Hotel, Appartements [&hellip;]<\/p>\n","protected":false},"author":1,"featured_media":0,"parent":0,"menu_order":0,"comment_status":"closed","ping_status":"closed","template":"","meta":{"_acf_changed":false,"footnotes":""},"class_list":["post-146","page","type-page","status-publish","hentry"],"acf":[],"_links":{"self":[{"href":"https:\/\/www.bongo.ee\/de\/wp-json\/wp\/v2\/pages\/146","targetHints":{"allow":["GET"]}}],"collection":[{"href":"https:\/\/www.bongo.ee\/de\/wp-json\/wp\/v2\/pages"}],"about":[{"href":"https:\/\/www.bongo.ee\/de\/wp-json\/wp\/v2\/types\/page"}],"author":[{"embeddable":true,"href":"https:\/\/www.bongo.ee\/de\/wp-json\/wp\/v2\/users\/1"}],"replies":[{"embeddable":true,"href":"https:\/\/www.bongo.ee\/de\/wp-json\/wp\/v2\/comments?post=146"}],"version-history":[{"count":5,"href":"https:\/\/www.bongo.ee\/de\/wp-json\/wp\/v2\/pages\/146\/revisions"}],"predecessor-version":[{"id":1599,"href":"https:\/\/www.bongo.ee\/de\/wp-json\/wp\/v2\/pages\/146\/revisions\/1599"}],"wp:attachment":[{"href":"https:\/\/www.bongo.ee\/de\/wp-json\/wp\/v2\/media?parent=146"}],"curies":[{"name":"wp","href":"https:\/\/api.w.org\/{rel}","templated":true}]}}