{"id":1639,"date":"2024-09-20T15:22:01","date_gmt":"2024-09-20T12:22:01","guid":{"rendered":"https:\/\/www.bongo.ee\/?page_id=1639"},"modified":"2026-01-28T08:14:33","modified_gmt":"2026-01-28T05:14:33","slug":"uudised-3","status":"publish","type":"page","link":"https:\/\/www.bongo.ee\/de\/uudised-3\/","title":{"rendered":"Nachricht"},"content":{"rendered":"<p><\/p>\n<div class=\"pages\"><a href=\"https:\/\/www.bongo.ee\/de\/uudised\/\">1<\/a>, <a href=\"https:\/\/www.bongo.ee\/de\/uudised-1\/\">2<\/a>, <a href=\"https:\/\/www.bongo.ee\/de\/uudised-2\/\">3<\/a>, 4<\/div>\n<h4>21.06.2023<\/h4>\n<h3 class=\"news\">Business Taxi<\/h3>\n<p style=\"text-align: justify;\">Sehr geehrte Kunden!<\/p>\n<p style=\"text-align: justify;\">Wenn Sie einen zuverl\u00e4ssigen, schnellen und sicheren Taxiservice f\u00fcr Gesch\u00e4ftsreisen suchen, k\u00f6nnen Sie sich gerne an uns wenden. Business Taxi von der Firma \u00abBongo Takso\u00bb zeichnet sich durch einen angemessenen Preis, erstklassigen Kundenservice und Flexibilit\u00e4t aus.<\/p>\n<p style=\"text-align: justify;\">Das Auto \u00abBongo Takso\u00bb wird rechtzeitig zu Ihren Diensten f\u00fcr eine Luxus- oder Gesch\u00e4ftsreise, zur Erh\u00f6hung der Flexibilit\u00e4t des Personals, f\u00fcr Teambildung und Ausfl\u00fcge, f\u00fcr das Fahren von Mitarbeitern Ihres Unternehmens zum Arbeitsplatz oder nach Hause zur Verf\u00fcgung gestellt. Diverse Rabatte auf verschiedene Dienstleistungen gelten auch f\u00fcr Gesch\u00e4ftskunden.<\/p>\n<p style=\"text-align: justify;\">Sie k\u00f6nnen eine Anfrage f\u00fcr die Servicevereinbarung von Business Taxi \u2013 Dienstleistungen per E-Mail senden: <strong><a href=\"mailto:info@bongo.ee\">info@bongo.ee<\/a><\/strong> oder per Telefon: <strong><a href=\"tel:+37253441111\">53441111<\/a><\/strong><\/p>\n<p style=\"text-align: justify;\">Wir hoffen auf eine dauerhafte und f\u00fcr beide Seiten vorteilhafte Zusammenarbeit!<\/p>\n<p style=\"text-align: justify;\">Gute Reise!<\/p>\n<p><img decoding=\"async\" src=\"https:\/\/www.bongo.ee\/wp-content\/uploads\/bt2023_15.jpg\" width=\"100%\" alt=\"bongo\"\/><\/p>\n<div class=\"pages\"><a href=\"https:\/\/www.bongo.ee\/de\/uudised\/\">1<\/a>, <a href=\"https:\/\/www.bongo.ee\/de\/uudised-1\/\">2<\/a>, <a href=\"https:\/\/www.bongo.ee\/de\/uudised-2\/\">3<\/a>, 4<\/div>\n<p><\/p>","protected":false},"excerpt":{"rendered":"<p>1, 2, 3, 4 21.06.2023 Business Taxi Sehr geehrte Kunden! Wenn Sie einen zuverl\u00e4ssigen, schnellen und sicheren Taxiservice f\u00fcr Gesch\u00e4ftsreisen suchen, k\u00f6nnen Sie sich gerne an uns wenden. Business Taxi von der Firma \u00abBongo Takso\u00bb zeichnet sich durch einen angemessenen Preis, erstklassigen Kundenservice und Flexibilit\u00e4t aus. Das Auto \u00abBongo Takso\u00bb wird rechtzeitig zu Ihren Diensten [&hellip;]<\/p>\n","protected":false},"author":1,"featured_media":0,"parent":0,"menu_order":0,"comment_status":"closed","ping_status":"closed","template":"","meta":{"_acf_changed":false,"footnotes":""},"class_list":["post-1639","page","type-page","status-publish","hentry"],"acf":[],"_links":{"self":[{"href":"https:\/\/www.bongo.ee\/de\/wp-json\/wp\/v2\/pages\/1639","targetHints":{"allow":["GET"]}}],"collection":[{"href":"https:\/\/www.bongo.ee\/de\/wp-json\/wp\/v2\/pages"}],"about":[{"href":"https:\/\/www.bongo.ee\/de\/wp-json\/wp\/v2\/types\/page"}],"author":[{"embeddable":true,"href":"https:\/\/www.bongo.ee\/de\/wp-json\/wp\/v2\/users\/1"}],"replies":[{"embeddable":true,"href":"https:\/\/www.bongo.ee\/de\/wp-json\/wp\/v2\/comments?post=1639"}],"version-history":[{"count":5,"href":"https:\/\/www.bongo.ee\/de\/wp-json\/wp\/v2\/pages\/1639\/revisions"}],"predecessor-version":[{"id":1858,"href":"https:\/\/www.bongo.ee\/de\/wp-json\/wp\/v2\/pages\/1639\/revisions\/1858"}],"wp:attachment":[{"href":"https:\/\/www.bongo.ee\/de\/wp-json\/wp\/v2\/media?parent=1639"}],"curies":[{"name":"wp","href":"https:\/\/api.w.org\/{rel}","templated":true}]}}