{"id":164,"date":"2016-11-18T16:39:17","date_gmt":"2016-11-18T16:39:17","guid":{"rendered":"https:\/\/bongo.ee\/?page_id=164"},"modified":"2024-07-11T10:51:10","modified_gmt":"2024-07-11T07:51:10","slug":"takso-ettetellimine","status":"publish","type":"page","link":"https:\/\/www.bongo.ee\/de\/takso-ettetellimine\/","title":{"rendered":"Zeitliche Taxivorbestellung"},"content":{"rendered":"<p>Taxi \u00abBongo Takso\u00bb bietet Ihnen einen sehr bequemen Service an &#8211; Taxireservierung! Der Vorteil, ein Taxi vorzubestellen, hat sich schon oft bew\u00e4hrt, denn wenn Ihre Zeit kostbar ist und Sie Ihre Fahrten im Voraus planen k\u00f6nnen, ist es viel bequemer, ein Taxi im Voraus zu einer bestimmten Uhrzeit zu bestellen und das Taxi kommt zu Ihnen Startpunkt p\u00fcnktlich.<\/p>\n<p>F\u00fcr diejenigen, die p\u00fcnktlich ankommen m\u00fcssen, die es gewohnt sind, alles zu planen und ihre Nerven und Zeit zu sch\u00e4tzen, sind die Vorteile der Vorbestellung unbestreitbar. Sie sind immer sicher, dass Sie zur vereinbarten Zeit bei der Arbeit oder bei einer wichtigen Veranstaltung erscheinen werden, und Ihre Kinder werden nicht zu sp\u00e4t zur Schule kommen. Sie werden ein Flugzeug oder einen Zug kriegen &#8211; das Taxi \u00abBongo Takso\u00bb bringt Sie genau zur exakten Zeit zum Flughafen oder Bahnhof.<\/p>\n<p>Sehr geehrte Kunden, die zeitliche Begrenzung einer Taxibestellung ist mindestens 1 Stunde und maximal 24 Stunden vor Ihrer Reise m\u00f6glich. Denken Sie daran, dass die Lieferung des Autos zur von Ihnen angegebenen Zeit erfolgt, also kalkulieren Sie sorgf\u00e4ltig Ihre Zeit unter Ber\u00fccksichtigung der Entfernungen und m\u00f6glicher Verz\u00f6gerungen w\u00e4hrend der Reise. ACHTUNG! Es ist nicht m\u00f6glich, eine Fahrt vom Flughafen, Hafen, Busbahnhof und Bahnhof zu buchen. Dort bei der Ankunft ein Taxi bestellen.<\/p>\n<p>Bitte bestellen Sie unser Taxi im Voraus f\u00fcr die Dauer Ihrer Reise. Unsere App \u00abBongo Takso\u00bb hilft Ihnen, eine Bestellung aufzugeben, auch wenn Sie noch unterwegs sind.<\/p>\n<p>Um ein Taxi zu bestellen, f\u00fcllen Sie bitte das untenstehende Formular aus, rufen Sie <a href=\"tel:+37215157\">15157<\/a>, <a href=\"tel:+3726615157\">+372 66 15157<\/a> oder <a href=\"tel:+37253441111\">+372 53 44 1111<\/a> an oder buchen Sie bequem in unserer Taxi App \u00abBongo Takso\u00bb.<\/p>\n<p><!-- F\u00fcr den tempor\u00e4ren Bestellservice kommen die Kosten von 1\u20ac zur Verpflegung hinzu. --><\/p>\n<p>Sehr geehrte Kunden!<br \/>\nIm Falle einer Situation h\u00f6herer Gewalt, die nicht vorhersehbar ist, ist Bongo Takso nicht bereit, eine 100%ige p\u00fcnktliche Lieferung des Autos zu garantieren. Bitte behandeln Sie dies mit Verst\u00e4ndnis.<\/p>\n<p style=\"color: #e5383a;\"><em>Leider sind E-Mails mit mail.ru, list.ru, bk.ru auf estnischen Servern blockiert und Ihre Anfrage erreicht uns nicht.<\/em><\/p>\n<div class=\"ettetellimine-form-div\">\n<div class=\"ettetellimine-form-div-inner-wrap\">\n<div class=\"wpcf7 no-js\" id=\"wpcf7-f825-o3\" lang=\"en-US\" dir=\"ltr\" data-wpcf7-id=\"825\">\n<div class=\"screen-reader-response\"><p role=\"status\" aria-live=\"polite\" aria-atomic=\"true\"><\/p> <ul><\/ul><\/div>\n<form action=\"\/de\/wp-json\/wp\/v2\/pages\/164#wpcf7-f825-o3\" method=\"post\" class=\"wpcf7-form init\" aria-label=\"Contact form\" novalidate=\"novalidate\" data-status=\"init\">\n<fieldset class=\"hidden-fields-container\"><input type=\"hidden\" name=\"_wpcf7\" value=\"825\" \/><input type=\"hidden\" name=\"_wpcf7_version\" value=\"6.1.4\" \/><input type=\"hidden\" name=\"_wpcf7_locale\" value=\"en_US\" \/><input type=\"hidden\" name=\"_wpcf7_unit_tag\" value=\"wpcf7-f825-o3\" \/><input type=\"hidden\" name=\"_wpcf7_container_post\" value=\"0\" \/><input type=\"hidden\" name=\"_wpcf7_posted_data_hash\" value=\"\" \/><input type=\"hidden\" name=\"_wpcf7_recaptcha_response\" value=\"\" \/>\n<\/fieldset>\n<p><span class=\"wpcf7-form-control-wrap\" data-name=\"nimi-550\"><input size=\"40\" maxlength=\"400\" class=\"wpcf7-form-control wpcf7-text wpcf7-validates-as-required ettetellimine-name longer\" aria-required=\"true\" aria-invalid=\"false\" placeholder=\"Name\" value=\"\" type=\"text\" name=\"nimi-550\" \/><\/span><span class=\"wpcf7-form-control-wrap\" data-name=\"tel-900\"><input size=\"40\" maxlength=\"400\" class=\"wpcf7-form-control wpcf7-tel wpcf7-validates-as-required wpcf7-text wpcf7-validates-as-tel ettetellimine-phone shorter\" aria-required=\"true\" aria-invalid=\"false\" placeholder=\"Telefon\" value=\"\" type=\"tel\" name=\"tel-900\" \/><\/span><br \/>\n<span class=\"wpcf7-form-control-wrap\" data-name=\"email-101\"><input size=\"40\" maxlength=\"400\" class=\"wpcf7-form-control wpcf7-email wpcf7-validates-as-required wpcf7-text wpcf7-validates-as-email ettetellimine-email\" aria-required=\"true\" aria-invalid=\"false\" placeholder=\"E-mail\" value=\"\" type=\"email\" name=\"email-101\" \/><\/span><br \/>\n<span id=\"wpcf7-69e00530e8b63-wrapper\" class=\"wpcf7-form-control-wrap required-939-wrap\" style=\"display:none !important; visibility:hidden !important;\"><input type=\"hidden\" name=\"required-939-time-start\" value=\"1776289072\"><input type=\"hidden\" name=\"required-939-time-check\" value=\"3\"><label for=\"wpcf7-69e00530e8b63-field\" class=\"hp-message\">Please leave this field empty.<\/label><input id=\"wpcf7-69e00530e8b63-field\"  placeholder=\"Bongo\"  class=\"wpcf7-form-control wpcf7-text\" type=\"text\" name=\"required-939\" value=\"\" size=\"40\" tabindex=\"-1\" autocomplete=\"off\" \/><\/span><br \/>\n<span class=\"wpcf7-form-control-wrap\" data-name=\"algpunkt-501\"><input size=\"40\" maxlength=\"400\" class=\"wpcf7-form-control wpcf7-text wpcf7-validates-as-required ettetellimine-start\" aria-required=\"true\" aria-invalid=\"false\" placeholder=\"Startpunkt\" value=\"\" type=\"text\" name=\"algpunkt-501\" \/><\/span><br \/>\n<span class=\"wpcf7-form-control-wrap\" data-name=\"sihtpunkt-501\"><input size=\"40\" maxlength=\"400\" class=\"wpcf7-form-control wpcf7-text wpcf7-validates-as-required ettetellimine-destination\" aria-required=\"true\" aria-invalid=\"false\" placeholder=\"Ziel\" value=\"\" type=\"text\" name=\"sihtpunkt-501\" \/><\/span><br \/>\n<span class=\"wpcf7-form-control-wrap\" data-name=\"text-447\"><input size=\"40\" maxlength=\"400\" class=\"wpcf7-form-control wpcf7-text wpcf7-validates-as-required\" aria-required=\"true\" aria-invalid=\"false\" placeholder=\"Anzahl der Passagiere\" value=\"\" type=\"text\" name=\"text-447\" \/><\/span><br \/>\n<span class=\"wpcf7-form-control-wrap\" data-name=\"date-728\"><input size=\"40\" maxlength=\"400\" class=\"wpcf7-form-control wpcf7-text wpcf7-validates-as-required ettetellimine-date longer\" aria-required=\"true\" aria-invalid=\"false\" placeholder=\"Datum (dd.mm.yyyy)\" value=\"\" type=\"text\" name=\"date-728\" \/><\/span><span class=\"wpcf7-form-control-wrap\" data-name=\"kellaaeg-550\"><input size=\"40\" maxlength=\"400\" class=\"wpcf7-form-control wpcf7-text wpcf7-validates-as-required ettetellimine-time shorter\" aria-required=\"true\" aria-invalid=\"false\" placeholder=\"Zeit\" value=\"\" type=\"text\" name=\"kellaaeg-550\" \/><\/span>\n<\/p>\n<p><span class=\"wpcf7-form-control-wrap\" data-name=\"makseviis-733\"><span class=\"wpcf7-form-control wpcf7-radio\"><span class=\"wpcf7-list-item first\"><input type=\"radio\" name=\"makseviis-733\" value=\"Bargeld\" \/><span class=\"wpcf7-list-item-label\">Bargeld<\/span><\/span><span class=\"wpcf7-list-item\"><input type=\"radio\" name=\"makseviis-733\" value=\"per Bankkarte\" \/><span class=\"wpcf7-list-item-label\">per Bankkarte<\/span><\/span><span class=\"wpcf7-list-item last\"><input type=\"radio\" name=\"makseviis-733\" value=\"Vertrag\" \/><span class=\"wpcf7-list-item-label\">Vertrag<\/span><\/span><\/span><\/span>\n<\/p>\n<p><span class=\"wpcf7-form-control-wrap\" data-name=\"lisainfo-156\"><textarea cols=\"40\" rows=\"10\" maxlength=\"2000\" class=\"wpcf7-form-control wpcf7-textarea ettetellimine-textarea\" aria-invalid=\"false\" placeholder=\"Weitere Informationen\" name=\"lisainfo-156\"><\/textarea><\/span><br \/>\n<input class=\"wpcf7-form-control wpcf7-submit has-spinner ettetellimine-button\" type=\"submit\" value=\"Senden\" \/>\n<\/p><p style=\"display: none !important;\" class=\"akismet-fields-container\" data-prefix=\"_wpcf7_ak_\"><label>&#916;<textarea name=\"_wpcf7_ak_hp_textarea\" cols=\"45\" rows=\"8\" maxlength=\"100\"><\/textarea><\/label><input type=\"hidden\" id=\"ak_js_3\" name=\"_wpcf7_ak_js\" value=\"185\"\/><script>document.getElementById( \"ak_js_3\" ).setAttribute( \"value\", ( new Date() ).getTime() );<\/script><\/p><input type='hidden' class='wpcf7-pum' value='{\"closepopup\":false,\"closedelay\":0,\"openpopup\":false,\"openpopup_id\":0}' \/><div class=\"wpcf7-response-output\" aria-hidden=\"true\"><\/div>\n<\/form>\n<\/div>\n<\/div>\n<\/div>\n<p><\/p>","protected":false},"excerpt":{"rendered":"<p>Taxi \u00abBongo Takso\u00bb bietet Ihnen einen sehr bequemen Service an &#8211; Taxireservierung! Der Vorteil, ein Taxi vorzubestellen, hat sich schon oft bew\u00e4hrt, denn wenn Ihre Zeit kostbar ist und Sie Ihre Fahrten im Voraus planen k\u00f6nnen, ist es viel bequemer, ein Taxi im Voraus zu einer bestimmten Uhrzeit zu bestellen und das Taxi kommt zu [&hellip;]<\/p>\n","protected":false},"author":1,"featured_media":0,"parent":0,"menu_order":0,"comment_status":"closed","ping_status":"closed","template":"","meta":{"_acf_changed":false,"footnotes":""},"class_list":["post-164","page","type-page","status-publish","hentry"],"acf":[],"_links":{"self":[{"href":"https:\/\/www.bongo.ee\/de\/wp-json\/wp\/v2\/pages\/164","targetHints":{"allow":["GET"]}}],"collection":[{"href":"https:\/\/www.bongo.ee\/de\/wp-json\/wp\/v2\/pages"}],"about":[{"href":"https:\/\/www.bongo.ee\/de\/wp-json\/wp\/v2\/types\/page"}],"author":[{"embeddable":true,"href":"https:\/\/www.bongo.ee\/de\/wp-json\/wp\/v2\/users\/1"}],"replies":[{"embeddable":true,"href":"https:\/\/www.bongo.ee\/de\/wp-json\/wp\/v2\/comments?post=164"}],"version-history":[{"count":5,"href":"https:\/\/www.bongo.ee\/de\/wp-json\/wp\/v2\/pages\/164\/revisions"}],"predecessor-version":[{"id":1598,"href":"https:\/\/www.bongo.ee\/de\/wp-json\/wp\/v2\/pages\/164\/revisions\/1598"}],"wp:attachment":[{"href":"https:\/\/www.bongo.ee\/de\/wp-json\/wp\/v2\/media?parent=164"}],"curies":[{"name":"wp","href":"https:\/\/api.w.org\/{rel}","templated":true}]}}