{"id":1744,"date":"2025-09-08T15:55:09","date_gmt":"2025-09-08T12:55:09","guid":{"rendered":"https:\/\/www.bongo.ee\/?page_id=1744"},"modified":"2026-04-07T14:37:01","modified_gmt":"2026-04-07T11:37:01","slug":"reklaam","status":"publish","type":"page","link":"https:\/\/www.bongo.ee\/de\/reklaam\/","title":{"rendered":"Werbung auf Bongo Takso Fahrzeugen"},"content":{"rendered":"<p>M\u00f6chten Sie, dass Ihre Marke t\u00e4glich von tausenden Menschen gesehen wird? Bongo Takso in Tallinn bietet Ihnen die einzigartige M\u00f6glichkeit, Ihr Unternehmen direkt auf unseren Fahrzeugen zu bewerben!<\/p>\n<h3 class=\"news\">Wir bieten Werbeplatzierungen an:<\/h3>\n<p>\u2022 auf den Heckscheiben der Fahrzeuge<br \/>\n\u2022 auf den Fahrzeugs\u00e4ulen (B-S\u00e4ulen)<br \/>\n\u2022 auf den Kopfst\u00fctzen im Fahrzeug<\/p>\n<h3 class=\"news\">Preise:<\/h3>\n<p>\u2713 Komplettpaket (Heckscheibe + S\u00e4ulen + Kopfst\u00fctzen) \u2014 20 \u20ac \/ Tag<br \/>\n\u2713 Heckscheibe + S\u00e4ulen \u2014 15 \u20ac \/ Tag<br \/>\n\u2713 Innenwerbung auf Kopfst\u00fctzen \u2014 5\u201310 \u20ac \/ Tag (abh\u00e4ngig von der Anzahl der Kopfst\u00fctzen)<\/p>\n<h3 class=\"news\">Zus\u00e4tzlich:<\/h3>\n<p>Wir k\u00f6nnen Ihre Werbung auch auf unseren Facebook- und Instagram-Seiten platzieren, um noch mehr potenzielle Kunden zu erreichen.<\/p>\n<p>Kontaktieren Sie uns, um die Details zu besprechen und die beste Option f\u00fcr Ihr Unternehmen auszuw\u00e4hlen!<br \/>\n\n<div class=\"wpcf7 no-js\" id=\"wpcf7-f1752-o3\" lang=\"ru-RU\" dir=\"ltr\" data-wpcf7-id=\"1752\">\n<div class=\"screen-reader-response\"><p role=\"status\" aria-live=\"polite\" aria-atomic=\"true\"><\/p> <ul><\/ul><\/div>\n<form action=\"\/de\/wp-json\/wp\/v2\/pages\/1744#wpcf7-f1752-o3\" method=\"post\" class=\"wpcf7-form init\" aria-label=\"\u041a\u043e\u043d\u0442\u0430\u043a\u0442\u043d\u0430\u044f \u0444\u043e\u0440\u043c\u0430\" novalidate=\"novalidate\" data-status=\"init\">\n<fieldset class=\"hidden-fields-container\"><input type=\"hidden\" name=\"_wpcf7\" value=\"1752\" \/><input type=\"hidden\" name=\"_wpcf7_version\" value=\"6.1.4\" \/><input type=\"hidden\" name=\"_wpcf7_locale\" value=\"ru_RU\" \/><input type=\"hidden\" name=\"_wpcf7_unit_tag\" value=\"wpcf7-f1752-o3\" \/><input type=\"hidden\" name=\"_wpcf7_container_post\" value=\"0\" \/><input type=\"hidden\" name=\"_wpcf7_posted_data_hash\" value=\"\" \/><input type=\"hidden\" name=\"_wpcf7_recaptcha_response\" value=\"\" \/>\n<\/fieldset>\n<p><span class=\"wpcf7-form-control-wrap\" data-name=\"text-594\"><input size=\"40\" maxlength=\"400\" class=\"wpcf7-form-control wpcf7-text wpcf7-validates-as-required\" aria-required=\"true\" aria-invalid=\"false\" placeholder=\"Name\" value=\"\" type=\"text\" name=\"text-594\" \/><\/span><br \/>\n<span class=\"wpcf7-form-control-wrap\" data-name=\"email-482\"><input size=\"40\" maxlength=\"400\" class=\"wpcf7-form-control wpcf7-email wpcf7-validates-as-required wpcf7-text wpcf7-validates-as-email longer\" aria-required=\"true\" aria-invalid=\"false\" placeholder=\"E-mail\" value=\"\" type=\"email\" name=\"email-482\" \/><\/span><span class=\"wpcf7-form-control-wrap\" data-name=\"text-595\"><input size=\"40\" maxlength=\"400\" class=\"wpcf7-form-control wpcf7-text wpcf7-validates-as-required shorter\" aria-required=\"true\" aria-invalid=\"false\" placeholder=\"Telefonnummer\" value=\"\" type=\"text\" name=\"text-595\" \/><\/span><br \/>\n<span class=\"wpcf7-form-control-wrap\" data-name=\"tagasiside-499\"><textarea cols=\"40\" rows=\"10\" maxlength=\"2000\" class=\"wpcf7-form-control wpcf7-textarea wpcf7-validates-as-required kontakt-textarea\" aria-required=\"true\" aria-invalid=\"false\" placeholder=\"R\u00fcckmeldung\" name=\"tagasiside-499\"><\/textarea><\/span>\n<\/p>\n<p><input class=\"wpcf7-form-control wpcf7-submit has-spinner\" type=\"submit\" value=\"Senden\" \/>\n<\/p><p style=\"display: none !important;\" class=\"akismet-fields-container\" data-prefix=\"_wpcf7_ak_\"><label>&#916;<textarea name=\"_wpcf7_ak_hp_textarea\" cols=\"45\" rows=\"8\" maxlength=\"100\"><\/textarea><\/label><input type=\"hidden\" id=\"ak_js_3\" name=\"_wpcf7_ak_js\" value=\"164\"\/><script>document.getElementById( \"ak_js_3\" ).setAttribute( \"value\", ( new Date() ).getTime() );<\/script><\/p><input type='hidden' class='wpcf7-pum' value='{\"closepopup\":false,\"closedelay\":0,\"openpopup\":false,\"openpopup_id\":0}' \/><div class=\"wpcf7-response-output\" aria-hidden=\"true\"><\/div>\n<\/form>\n<\/div>\n<\/p>","protected":false},"excerpt":{"rendered":"<p>M\u00f6chten Sie, dass Ihre Marke t\u00e4glich von tausenden Menschen gesehen wird? Bongo Takso in Tallinn bietet Ihnen die einzigartige M\u00f6glichkeit, Ihr Unternehmen direkt auf unseren Fahrzeugen zu bewerben! Wir bieten Werbeplatzierungen an: \u2022 auf den Heckscheiben der Fahrzeuge \u2022 auf den Fahrzeugs\u00e4ulen (B-S\u00e4ulen) \u2022 auf den Kopfst\u00fctzen im Fahrzeug Preise: \u2713 Komplettpaket (Heckscheibe + S\u00e4ulen [&hellip;]<\/p>\n","protected":false},"author":1,"featured_media":0,"parent":0,"menu_order":0,"comment_status":"closed","ping_status":"closed","template":"","meta":{"_acf_changed":false,"footnotes":""},"class_list":["post-1744","page","type-page","status-publish","hentry"],"acf":[],"_links":{"self":[{"href":"https:\/\/www.bongo.ee\/de\/wp-json\/wp\/v2\/pages\/1744","targetHints":{"allow":["GET"]}}],"collection":[{"href":"https:\/\/www.bongo.ee\/de\/wp-json\/wp\/v2\/pages"}],"about":[{"href":"https:\/\/www.bongo.ee\/de\/wp-json\/wp\/v2\/types\/page"}],"author":[{"embeddable":true,"href":"https:\/\/www.bongo.ee\/de\/wp-json\/wp\/v2\/users\/1"}],"replies":[{"embeddable":true,"href":"https:\/\/www.bongo.ee\/de\/wp-json\/wp\/v2\/comments?post=1744"}],"version-history":[{"count":5,"href":"https:\/\/www.bongo.ee\/de\/wp-json\/wp\/v2\/pages\/1744\/revisions"}],"predecessor-version":[{"id":1899,"href":"https:\/\/www.bongo.ee\/de\/wp-json\/wp\/v2\/pages\/1744\/revisions\/1899"}],"wp:attachment":[{"href":"https:\/\/www.bongo.ee\/de\/wp-json\/wp\/v2\/media?parent=1744"}],"curies":[{"name":"wp","href":"https:\/\/api.w.org\/{rel}","templated":true}]}}