{"id":985,"date":"2021-11-19T13:19:57","date_gmt":"2021-11-19T10:19:57","guid":{"rendered":"https:\/\/www.bongo.ee\/?page_id=985"},"modified":"2024-12-30T14:39:34","modified_gmt":"2024-12-30T11:39:34","slug":"lisage-kaart-takso","status":"publish","type":"page","link":"https:\/\/www.bongo.ee\/de\/lisage-kaart-takso\/","title":{"rendered":"Kartenanmeldung"},"content":{"rendered":"<p>Die Zahlung f\u00fcr die Leistungen mit einer Kreditkarte ist eine praktische, schnelle und moderne Zahlungsmethode. Diese Methode passt f\u00fcr einen anspruchsvollen Kunden, der sich nicht in bar bezahlen m\u00f6chte.<br \/>\nWarum nicht f\u00fcr einen Taxi-Service mit der Kreditkarte bezahlen?<br \/>\nRegistrieren Sie Ihre Kreditkarte in unserem komfortablen System und vergessen Sie das Bargeld.<br \/>\nDie Registrierung ist einfach!<br \/>\nDr\u00fccken Sie die Taste \u00abRegistrieren\u00bb und folgen Sie die Anweisungen. Beim Taxibestellen teilen Sie unserem Telefonzentrale mit, dass Sie mit <strong>Kreditkarte<\/strong> bezahlen m\u00f6chten.<br \/>\nAm Ende der Fahrt wird Ihre Kreditkarte mit der Summe, die Taximeter angezeigt, belastet.<br \/>\nDie Fahrt basiert auf der aktuellen Preisliste:<br \/>\n2.55\u20ac &#8211; Grundpreis<br \/>\n0.55\u20ac\/Km (0.75\u20ac\/km)<br \/>\n0.15\u20ac\/Min &#8211; Zeitgeb\u00fchr<\/p>\n<p>Um einen Festpreis zu erhalten, informieren Sie bitte unsere Telefonzentrale \u00fcber ihren Zielort. Die Telefonzentrale rechnet ihnen gleich die gesamte Summe der Fahrt aus.<br \/>\nMelden Sie sich jetzt an und genie\u00dfen Sie die Fahrt!<\/p>\n<p><a class=\"btn-link\" href=\"https:\/\/cardgate.taxigo.ee\" target=\"_blank\" rel=\"noopener\">Registrieren<\/a><\/p>","protected":false},"excerpt":{"rendered":"<p>Die Zahlung f\u00fcr die Leistungen mit einer Kreditkarte ist eine praktische, schnelle und moderne Zahlungsmethode. Diese Methode passt f\u00fcr einen anspruchsvollen Kunden, der sich nicht in bar bezahlen m\u00f6chte. Warum nicht f\u00fcr einen Taxi-Service mit der Kreditkarte bezahlen? Registrieren Sie Ihre Kreditkarte in unserem komfortablen System und vergessen Sie das Bargeld. Die Registrierung ist einfach! [&hellip;]<\/p>\n","protected":false},"author":1,"featured_media":0,"parent":0,"menu_order":0,"comment_status":"closed","ping_status":"closed","template":"","meta":{"_acf_changed":false,"footnotes":""},"class_list":["post-985","page","type-page","status-publish","hentry"],"acf":[],"_links":{"self":[{"href":"https:\/\/www.bongo.ee\/de\/wp-json\/wp\/v2\/pages\/985","targetHints":{"allow":["GET"]}}],"collection":[{"href":"https:\/\/www.bongo.ee\/de\/wp-json\/wp\/v2\/pages"}],"about":[{"href":"https:\/\/www.bongo.ee\/de\/wp-json\/wp\/v2\/types\/page"}],"author":[{"embeddable":true,"href":"https:\/\/www.bongo.ee\/de\/wp-json\/wp\/v2\/users\/1"}],"replies":[{"embeddable":true,"href":"https:\/\/www.bongo.ee\/de\/wp-json\/wp\/v2\/comments?post=985"}],"version-history":[{"count":5,"href":"https:\/\/www.bongo.ee\/de\/wp-json\/wp\/v2\/pages\/985\/revisions"}],"predecessor-version":[{"id":1692,"href":"https:\/\/www.bongo.ee\/de\/wp-json\/wp\/v2\/pages\/985\/revisions\/1692"}],"wp:attachment":[{"href":"https:\/\/www.bongo.ee\/de\/wp-json\/wp\/v2\/media?parent=985"}],"curies":[{"name":"wp","href":"https:\/\/api.w.org\/{rel}","templated":true}]}}