{"id":1248,"date":"2023-02-28T11:41:12","date_gmt":"2023-02-28T08:41:12","guid":{"rendered":"https:\/\/www.bongo.ee\/?page_id=1248"},"modified":"2026-01-28T08:13:43","modified_gmt":"2026-01-28T05:13:43","slug":"uudised-1","status":"publish","type":"page","link":"https:\/\/www.bongo.ee\/fi\/uudised-1\/","title":{"rendered":"Uutiset"},"content":{"rendered":"<p><\/p>\n<div class=\"pages\"><a href=\"https:\/\/www.bongo.ee\/fi\/uudised\/\">1<\/a>, 2, <a href=\"https:\/\/www.bongo.ee\/fi\/uudised-2\/\">3<\/a>, <a href=\"https:\/\/www.bongo.ee\/fi\/uudised-3\/\">4<\/a><\/div>\n<h4>17.06.2025<\/h4>\n<h3 class=\"news\">Lomakausi on t\u00e4\u00e4ll\u00e4 \u2013 luota ammattilaisiin!<\/h3>\n<p style=\"text-align: justify;\">Kes\u00e4 on t\u00e4ydess\u00e4 vauhdissa ja moni meist\u00e4 suunnittelee ansaittua lomaa. Kaikki haluavat, ett\u00e4 matka sujuu vaivattomasti \u2013 lentokentt\u00e4kuljetuksesta kotiinpaluuseen asti. Anna Bongo Takson huolehtia t\u00e4st\u00e4 t\u00e4rke\u00e4st\u00e4 matkasi osasta!<\/p>\n<p style=\"text-align: justify;\">Olemme toimineet taksialalla yli 9 vuotta ja teemme p\u00e4ivitt\u00e4in t\u00f6it\u00e4 sen eteen, ett\u00e4 asiakkaidemme matkat ovat rauhallisia, mukavia, laadukkaita ja ennen kaikkea \u2013 t\u00e4sm\u00e4llisi\u00e4.<\/p>\n<p style=\"text-align: justify;\">Jos suunnittelet lomaa, suosittelemme varaamaan kuljetuksen ajoissa meilt\u00e4. Valitsemme sinulle sopivan auton huomioiden lentoaikataulut, matkustajien m\u00e4\u00e4r\u00e4n, lasten l\u00e4sn\u00e4olon, matkatavarat ja muut toiveesi.<\/p>\n<p style=\"text-align: justify;\">Meill\u00e4 on laaja ja monipuolinen ajoneuvokalusto, ja kuljettajamme ovat t\u00e4sm\u00e4llisi\u00e4 ja kohteliaita. Kuljettaja saapuu ajoissa, hoitaa matkatavarat \u2013 ja sin\u00e4 voit rentoutua autossa ja nauttia lomasi alusta raikkaan kivenn\u00e4isveden kera.<\/p>\n<p style=\"text-align: justify;\">Voit my\u00f6s <a href=\"https:\/\/www.bongo.ee\/fi\/transfeerteenus\/\">varata paluukuljetuksen lentokent\u00e4lt\u00e4<\/a> kotiin. Kuljettajamme seuraa lentoasi reaaliajassa, tulee sinua vastaan nimikyltin kanssa, auttaa matkatavaroiden kanssa ja vie sinut turvallisesti ja mukavasti kotiin.<\/p>\n<p style=\"text-align: justify;\">Kaikki yksityiskohdat voi sopia <a href=\"mailto:bongotakso@gmail.com\">s\u00e4hk\u00f6postitse<\/a>. Aloita ja p\u00e4\u00e4t\u00e4 lomasi huolettomasti \u2013 Bongo Taksonkanssa!<\/p>\n<p><img decoding=\"async\" src=\"https:\/\/www.bongo.ee\/wp-content\/uploads\/bt2025_10.jpg\" alt=\"lomasi huolettomasti \u2013 Bongo Taksonkanssa\" width=\"100%\" \/><\/p>\n<hr width=\"100%\" \/>\n<p>&nbsp;<\/p>\n<div class=\"pages\"><a href=\"https:\/\/www.bongo.ee\/fi\/uudised\/\">1<\/a>, 2, <a href=\"https:\/\/www.bongo.ee\/fi\/uudised-2\/\">3<\/a>, <a href=\"https:\/\/www.bongo.ee\/fi\/uudised-3\/\">4<\/a><\/div>\n<p><\/p>","protected":false},"excerpt":{"rendered":"<p>1, 2, 3, 4 17.06.2025 Lomakausi on t\u00e4\u00e4ll\u00e4 \u2013 luota ammattilaisiin! Kes\u00e4 on t\u00e4ydess\u00e4 vauhdissa ja moni meist\u00e4 suunnittelee ansaittua lomaa. Kaikki haluavat, ett\u00e4 matka sujuu vaivattomasti \u2013 lentokentt\u00e4kuljetuksesta kotiinpaluuseen asti. Anna Bongo Takson huolehtia t\u00e4st\u00e4 t\u00e4rke\u00e4st\u00e4 matkasi osasta! Olemme toimineet taksialalla yli 9 vuotta ja teemme p\u00e4ivitt\u00e4in t\u00f6it\u00e4 sen eteen, ett\u00e4 asiakkaidemme matkat ovat [&hellip;]<\/p>\n","protected":false},"author":1,"featured_media":0,"parent":0,"menu_order":0,"comment_status":"closed","ping_status":"closed","template":"","meta":{"_acf_changed":false,"footnotes":""},"class_list":["post-1248","page","type-page","status-publish","hentry"],"acf":[],"_links":{"self":[{"href":"https:\/\/www.bongo.ee\/fi\/wp-json\/wp\/v2\/pages\/1248","targetHints":{"allow":["GET"]}}],"collection":[{"href":"https:\/\/www.bongo.ee\/fi\/wp-json\/wp\/v2\/pages"}],"about":[{"href":"https:\/\/www.bongo.ee\/fi\/wp-json\/wp\/v2\/types\/page"}],"author":[{"embeddable":true,"href":"https:\/\/www.bongo.ee\/fi\/wp-json\/wp\/v2\/users\/1"}],"replies":[{"embeddable":true,"href":"https:\/\/www.bongo.ee\/fi\/wp-json\/wp\/v2\/comments?post=1248"}],"version-history":[{"count":5,"href":"https:\/\/www.bongo.ee\/fi\/wp-json\/wp\/v2\/pages\/1248\/revisions"}],"predecessor-version":[{"id":1856,"href":"https:\/\/www.bongo.ee\/fi\/wp-json\/wp\/v2\/pages\/1248\/revisions\/1856"}],"wp:attachment":[{"href":"https:\/\/www.bongo.ee\/fi\/wp-json\/wp\/v2\/media?parent=1248"}],"curies":[{"name":"wp","href":"https:\/\/api.w.org\/{rel}","templated":true}]}}