{"id":146,"date":"2016-11-18T15:44:33","date_gmt":"2016-11-18T15:44:33","guid":{"rendered":"https:\/\/bongo.ee\/?page_id=146"},"modified":"2024-07-11T10:52:09","modified_gmt":"2024-07-11T07:52:09","slug":"transfeerteenus","status":"publish","type":"page","link":"https:\/\/www.bongo.ee\/fi\/transfeerteenus\/","title":{"rendered":"Kuljetuspalvelu"},"content":{"rendered":"<p>Taxi \u00abBongo Takso\u00bb voi auttaa sinua nopeasti, turvallisesti ja mukavasti lentokent\u00e4lt\u00e4, rautatieasemalta, Tallinnan satamaan m\u00e4\u00e4r\u00e4np\u00e4\u00e4h\u00e4n ja paluuta. Kokenut kuljettaja odottaa sinua saavuttaessa nimitunnisteella. Siirr\u00f6idemme k\u00e4ytt\u00e4minen voit saada moitteetonta laatua ja yst\u00e4v\u00e4llist\u00e4 palvelua. Olemme joustavia ja aina valmiita ottamaan huomioon Sinun tarpeesi ja toiveesi.<\/p>\n<p>Miellytt\u00e4vill\u00e4 premium-autoilla sijaitsevat m\u00e4\u00e4r\u00e4np\u00e4\u00e4h\u00e4n Virossa. Haluttaessa kuljettaja voi ottaa k\u00e4ytt\u00f6\u00f6n kaupungin n\u00e4ht\u00e4vyyksi\u00e4 ja muualle. Tarjoamme miellytt\u00e4vi\u00e4 ja unohtumattomia tunteita. Tilatessasi meilt\u00e4 kuljetuspalvelun saat itsellesi laatuaikaa \u2013 voit valmistautua tapaamiseen, nauttia luonnosta auton ikkunasta tai vain k\u00e4ytt\u00e4\u00e4 aikasi lep\u00e4\u00e4miseen.<\/p>\n<p>Autot ovat aina ajan mittaan. Jos aiot matkustaa suuremmalla ryhm\u00e4ll\u00e4 tai sinulla on iso matkatavara, \u00e4l\u00e4 huoli &#8211; valitsemme tilava ja mukava ajoneuvo, kuten minibussi tai minivan.<\/p>\n<p>L\u00e4het\u00e4 tilauksesi s\u00e4hk\u00f6postitse: <a href=\"mailto:info@bongo.ee\">info@bongo.ee<\/a> tai soita numeroon <a href=\"tel:+37255599952\">+372 555 999 52<\/a>, <a href=\"tel:+3726615157\">+372 66 15157<\/a>. L\u00f6yd\u00e4mme Sinulle parhaan vaihtoehdon. Mobiilisovellus \u00abBongo Taxi\u00bb voit my\u00f6s k\u00e4tev\u00e4sti l\u00e4hett\u00e4\u00e4 tilauksesi.<\/p>\n<p>Pyyd\u00e4mme sinua siirt\u00e4m\u00e4\u00e4n tilauksesi haluon l\u00e4hett\u00e4\u00e4 v\u00e4hint\u00e4\u00e4n kaksi seitsem\u00e4n p\u00e4iv\u00e4\u00e4 etuk\u00e4teen. Muista, ett\u00e4 auto saapuu asettaessasi, joten harkitse aikaa huolellisesti ottaen huomioon matkan pituus ja mahdolliset viiv\u00e4stykset.<\/p>","protected":false},"excerpt":{"rendered":"<p>Taxi \u00abBongo Takso\u00bb voi auttaa sinua nopeasti, turvallisesti ja mukavasti lentokent\u00e4lt\u00e4, rautatieasemalta, Tallinnan satamaan m\u00e4\u00e4r\u00e4np\u00e4\u00e4h\u00e4n ja paluuta. Kokenut kuljettaja odottaa sinua saavuttaessa nimitunnisteella. Siirr\u00f6idemme k\u00e4ytt\u00e4minen voit saada moitteetonta laatua ja yst\u00e4v\u00e4llist\u00e4 palvelua. Olemme joustavia ja aina valmiita ottamaan huomioon Sinun tarpeesi ja toiveesi. Miellytt\u00e4vill\u00e4 premium-autoilla sijaitsevat m\u00e4\u00e4r\u00e4np\u00e4\u00e4h\u00e4n Virossa. Haluttaessa kuljettaja voi ottaa k\u00e4ytt\u00f6\u00f6n kaupungin n\u00e4ht\u00e4vyyksi\u00e4 [&hellip;]<\/p>\n","protected":false},"author":1,"featured_media":0,"parent":0,"menu_order":0,"comment_status":"closed","ping_status":"closed","template":"","meta":{"_acf_changed":false,"footnotes":""},"class_list":["post-146","page","type-page","status-publish","hentry"],"acf":[],"_links":{"self":[{"href":"https:\/\/www.bongo.ee\/fi\/wp-json\/wp\/v2\/pages\/146","targetHints":{"allow":["GET"]}}],"collection":[{"href":"https:\/\/www.bongo.ee\/fi\/wp-json\/wp\/v2\/pages"}],"about":[{"href":"https:\/\/www.bongo.ee\/fi\/wp-json\/wp\/v2\/types\/page"}],"author":[{"embeddable":true,"href":"https:\/\/www.bongo.ee\/fi\/wp-json\/wp\/v2\/users\/1"}],"replies":[{"embeddable":true,"href":"https:\/\/www.bongo.ee\/fi\/wp-json\/wp\/v2\/comments?post=146"}],"version-history":[{"count":5,"href":"https:\/\/www.bongo.ee\/fi\/wp-json\/wp\/v2\/pages\/146\/revisions"}],"predecessor-version":[{"id":1599,"href":"https:\/\/www.bongo.ee\/fi\/wp-json\/wp\/v2\/pages\/146\/revisions\/1599"}],"wp:attachment":[{"href":"https:\/\/www.bongo.ee\/fi\/wp-json\/wp\/v2\/media?parent=146"}],"curies":[{"name":"wp","href":"https:\/\/api.w.org\/{rel}","templated":true}]}}