{"id":1534,"date":"2024-02-27T11:18:43","date_gmt":"2024-02-27T08:18:43","guid":{"rendered":"https:\/\/www.bongo.ee\/?page_id=1534"},"modified":"2026-01-28T08:14:09","modified_gmt":"2026-01-28T05:14:09","slug":"uudised-2","status":"publish","type":"page","link":"https:\/\/www.bongo.ee\/fi\/uudised-2\/","title":{"rendered":"Uutiset"},"content":{"rendered":"<p><\/p>\n<div class=\"pages\"><a href=\"https:\/\/www.bongo.ee\/fi\/uudised\/\">1<\/a>, <a href=\"https:\/\/www.bongo.ee\/fi\/uudised-1\/\">2<\/a>, 3, <a href=\"https:\/\/www.bongo.ee\/fi\/uudised-3\/\">4<\/a><\/div>\n<h4>01.04.2025<\/h4>\n<h3 class=\"news\">Huhtikuu on aikaa hyvist\u00e4 uutisista!<\/h3>\n<p style=\"text-align: justify;\">Tee tilaus \u00ab<strong>Kev\u00e4t Bongo Taksolta<\/strong>\u00bb<\/br> ja saa erikoishinta:<\/p>\n<p style=\"text-align: justify;\">kyyti \u2013 1,97 \u20ac<br \/>\nkilometri \u2013 0,47 \u20ac<br \/>\nminuuttihinta odotuksesta \u2013 0,12 \u20ac<\/p>\n<p style=\"text-align: justify;\">K\u00e4yt\u00e4 itse ja kerro yst\u00e4ville! <\/p>\n<p style=\"text-align: justify;\">Bongo Takso \u2013 aina l\u00e4hell\u00e4!<\/p>\n<p><img decoding=\"async\" src=\"https:\/\/www.bongo.ee\/wp-content\/uploads\/bt2025_05.jpg\" width=\"100%\" alt=\"Kev\u00e4t Bongo Taksolta\"\/><\/p>\n<hr width=\"100%\" \/>\n<p>&nbsp;<\/p>\n<div class=\"pages\"><a href=\"https:\/\/www.bongo.ee\/fi\/uudised\/\">1<\/a>, <a href=\"https:\/\/www.bongo.ee\/fi\/uudised-1\/\">2<\/a>, 3, <a href=\"https:\/\/www.bongo.ee\/fi\/uudised-3\/\">4<\/a><\/div>\n<p><\/p>","protected":false},"excerpt":{"rendered":"<p>1, 2, 3, 4 01.04.2025 Huhtikuu on aikaa hyvist\u00e4 uutisista! Tee tilaus \u00abKev\u00e4t Bongo Taksolta\u00bb ja saa erikoishinta: kyyti \u2013 1,97 \u20ac kilometri \u2013 0,47 \u20ac minuuttihinta odotuksesta \u2013 0,12 \u20ac K\u00e4yt\u00e4 itse ja kerro yst\u00e4ville! Bongo Takso \u2013 aina l\u00e4hell\u00e4! &nbsp; 1, 2, 3, 4<\/p>\n","protected":false},"author":1,"featured_media":0,"parent":0,"menu_order":0,"comment_status":"closed","ping_status":"closed","template":"","meta":{"_acf_changed":false,"footnotes":""},"class_list":["post-1534","page","type-page","status-publish","hentry"],"acf":[],"_links":{"self":[{"href":"https:\/\/www.bongo.ee\/fi\/wp-json\/wp\/v2\/pages\/1534","targetHints":{"allow":["GET"]}}],"collection":[{"href":"https:\/\/www.bongo.ee\/fi\/wp-json\/wp\/v2\/pages"}],"about":[{"href":"https:\/\/www.bongo.ee\/fi\/wp-json\/wp\/v2\/types\/page"}],"author":[{"embeddable":true,"href":"https:\/\/www.bongo.ee\/fi\/wp-json\/wp\/v2\/users\/1"}],"replies":[{"embeddable":true,"href":"https:\/\/www.bongo.ee\/fi\/wp-json\/wp\/v2\/comments?post=1534"}],"version-history":[{"count":5,"href":"https:\/\/www.bongo.ee\/fi\/wp-json\/wp\/v2\/pages\/1534\/revisions"}],"predecessor-version":[{"id":1857,"href":"https:\/\/www.bongo.ee\/fi\/wp-json\/wp\/v2\/pages\/1534\/revisions\/1857"}],"wp:attachment":[{"href":"https:\/\/www.bongo.ee\/fi\/wp-json\/wp\/v2\/media?parent=1534"}],"curies":[{"name":"wp","href":"https:\/\/api.w.org\/{rel}","templated":true}]}}