{"id":1639,"date":"2024-09-20T15:22:01","date_gmt":"2024-09-20T12:22:01","guid":{"rendered":"https:\/\/www.bongo.ee\/?page_id=1639"},"modified":"2026-01-28T08:14:33","modified_gmt":"2026-01-28T05:14:33","slug":"uudised-3","status":"publish","type":"page","link":"https:\/\/www.bongo.ee\/fi\/uudised-3\/","title":{"rendered":"Uutiset"},"content":{"rendered":"<p><\/p>\n<div class=\"pages\"><a href=\"https:\/\/www.bongo.ee\/fi\/uudised\/\">1<\/a>, <a href=\"https:\/\/www.bongo.ee\/fi\/uudised-1\/\">2<\/a>, <a href=\"https:\/\/www.bongo.ee\/fi\/uudised-2\/\">3<\/a>, 4<\/div>\n<h4>21.06.2023<\/h4>\n<h3 class=\"news\">Turvallista taksipalvelua<\/h3>\n<p style=\"text-align: justify;\">Hyv\u00e4t asiakkaat!<\/p>\n<p style=\"text-align: justify;\">Jos etsit luotettavaa, nopeaa ja turvallista taksipalvelua yritysasemille, ota meihin yhteytt\u00e4. Yrityksemme erottuu \u201dBongo Takso\u201d kohtuullisen hinnan ja korkeatasoisen palvelun tasolla.<\/p>\n<p style=\"text-align: justify;\">Meid\u00e4n kanssamme voit tehd\u00e4 liiketoimintaa ja edustusta, matkustamista, ty\u00f6ntekij\u00f6it\u00e4, ty\u00f6t\u00e4 ja kotia. Voit olla varma, ett\u00e4 liikekumppanit vieraat tulevat hienosti m\u00e4\u00e4r\u00e4np\u00e4\u00e4h\u00e4n. Erilaisia alennuksia laajennetaan my\u00f6s eri palveluiden yritysasiakkaille.<\/p>\n<p style=\"text-align: justify;\">Olemme valmiita vastaamaan t\u00e4sment\u00e4viin kysymyksiin ja sopeuttamaan palvelua yrityksenne tarpeiden mukaisesti. Sopimusehdoista tai haluttaessa neuvottelemaan <strong><a href=\"tel:+37253441111\">53441111<\/a><\/strong> kirjoittamalla s\u00e4hk\u00f6postia osoitteeseen <strong><a href=\"mailto:info@bongo.ee\">info@bongo.ee<\/a><\/strong><\/p>\n<p style=\"text-align: justify;\">L\u00f6yd\u00e4mme Sinulle parhaan vaihtoehdon. <\/p>\n<p style=\"text-align: justify;\">Iloiset matkat!<\/p>\n<p><img decoding=\"async\" src=\"https:\/\/www.bongo.ee\/wp-content\/uploads\/bt2023_17.jpg\" width=\"100%\"  alt=\"bongo\"\/><\/p>\n<hr width=\"100%\" \/>\n<p>&nbsp;<\/p>\n<div class=\"pages\"><a href=\"https:\/\/www.bongo.ee\/fi\/uudised\/\">1<\/a>, <a href=\"https:\/\/www.bongo.ee\/fi\/uudised-1\/\">2<\/a>, <a href=\"https:\/\/www.bongo.ee\/fi\/uudised-2\/\">3<\/a>, 4<\/div>\n<p><\/p>","protected":false},"excerpt":{"rendered":"<p>1, 2, 3, 4 21.06.2023 Turvallista taksipalvelua Hyv\u00e4t asiakkaat! Jos etsit luotettavaa, nopeaa ja turvallista taksipalvelua yritysasemille, ota meihin yhteytt\u00e4. Yrityksemme erottuu \u201dBongo Takso\u201d kohtuullisen hinnan ja korkeatasoisen palvelun tasolla. Meid\u00e4n kanssamme voit tehd\u00e4 liiketoimintaa ja edustusta, matkustamista, ty\u00f6ntekij\u00f6it\u00e4, ty\u00f6t\u00e4 ja kotia. Voit olla varma, ett\u00e4 liikekumppanit vieraat tulevat hienosti m\u00e4\u00e4r\u00e4np\u00e4\u00e4h\u00e4n. Erilaisia alennuksia laajennetaan my\u00f6s [&hellip;]<\/p>\n","protected":false},"author":1,"featured_media":0,"parent":0,"menu_order":0,"comment_status":"closed","ping_status":"closed","template":"","meta":{"_acf_changed":false,"footnotes":""},"class_list":["post-1639","page","type-page","status-publish","hentry"],"acf":[],"_links":{"self":[{"href":"https:\/\/www.bongo.ee\/fi\/wp-json\/wp\/v2\/pages\/1639","targetHints":{"allow":["GET"]}}],"collection":[{"href":"https:\/\/www.bongo.ee\/fi\/wp-json\/wp\/v2\/pages"}],"about":[{"href":"https:\/\/www.bongo.ee\/fi\/wp-json\/wp\/v2\/types\/page"}],"author":[{"embeddable":true,"href":"https:\/\/www.bongo.ee\/fi\/wp-json\/wp\/v2\/users\/1"}],"replies":[{"embeddable":true,"href":"https:\/\/www.bongo.ee\/fi\/wp-json\/wp\/v2\/comments?post=1639"}],"version-history":[{"count":5,"href":"https:\/\/www.bongo.ee\/fi\/wp-json\/wp\/v2\/pages\/1639\/revisions"}],"predecessor-version":[{"id":1858,"href":"https:\/\/www.bongo.ee\/fi\/wp-json\/wp\/v2\/pages\/1639\/revisions\/1858"}],"wp:attachment":[{"href":"https:\/\/www.bongo.ee\/fi\/wp-json\/wp\/v2\/media?parent=1639"}],"curies":[{"name":"wp","href":"https:\/\/api.w.org\/{rel}","templated":true}]}}