{"id":167,"date":"2016-11-18T16:41:11","date_gmt":"2016-11-18T16:41:11","guid":{"rendered":"https:\/\/bongo.ee\/?page_id=167"},"modified":"2025-06-20T15:39:54","modified_gmt":"2025-06-20T12:39:54","slug":"tule-toole","status":"publish","type":"page","link":"https:\/\/www.bongo.ee\/fi\/tule-toole\/","title":{"rendered":"Ty\u00f6paikat"},"content":{"rendered":"<p><\/p>\n<p>Etsitk\u00f6 vakaata ja mielenkiintoista ty\u00f6t\u00e4? Liity yst\u00e4v\u00e4lliseen BONGO-taksi-tiimiimme! <br \/>Otamme mielell\u00e4mme vastaan kaikki kiinnostuneet, riippumatta kokemuksesta \u2013 koulutamme sinut alusta alkaen ja tuemme sinua jokaisessa vaiheessa.<\/p>\n<h3 class=\"news\">Mit\u00e4 tarjoamme:<\/h3>\n<p>&bull; Virallinen ty\u00f6suhde ja apu kaikessa tarvittavassa dokumentaatiossa &mdash; niin kuljettajalle kuin ajoneuvolle.<br \/>\n&bull; Koulutus paikan p\u00e4\u00e4ll\u00e4: opastamme ohjelman k\u00e4yt\u00f6ss\u00e4, tutustut peruslain tuntemukseen ja palvelustandardeihin.<br \/>\n&bull; Ajoneuvovaihtoehdot: k\u00e4yt\u00f6ss\u00e4si on uusia ja l\u00e4hes uusia autoja yritykselt\u00e4mme. Voit my\u00f6s ty\u00f6skennell\u00e4 omalla autollasi &mdash; kaikki on helppoa ja k\u00e4tev\u00e4\u00e4.<br \/>\n&bull; Joustavat ty\u00f6ajat: voit itse p\u00e4\u00e4tt\u00e4\u00e4, milloin ja kuinka paljon ty\u00f6skentelet.<br \/>\n&bull; 24\/7-dispatch-palvelu ja tuki &mdash; olemme aina yhteydess\u00e4 ja valmiina auttamaan.<br \/>\n&bull; Vakaa palkkaus: ei viiv\u00e4styksi\u00e4, reilu ja l\u00e4pin\u00e4kyv\u00e4 maksuj\u00e4rjestelm\u00e4.<br \/>\n&bull; Oikeusapua &mdash; aina valmiina auttamaan, jos sit\u00e4 tarvitset.<br \/>\n&bull; Yst\u00e4v\u00e4llinen tiimi ja kunnioittava ilmapiiri &mdash; ty\u00f6skentely on mukavaa kanssamme!<\/p>\n<h3 class=\"news\">Ket\u00e4 etsimme:<\/h3>\n<p>Etsimme ehdokkaita, jotka ovat:<br \/>\n&bull; kokeneita taksikuskeja (mutta t\u00e4m\u00e4 ei ole pakollista),<br \/>\n&bull; tuntevat Tallinnan hyvin (tai ovat valmiita oppimaan nopeasti),<br \/>\n&bull; osaavat viroa (toivottavaa),<br \/>\n&bull; ovat kohteliaita, rehellisi\u00e4, ahkeria ja asiakaspalveluhenkisi\u00e4.<\/p>\n<h3 class=\"news\">Haluatko ty\u00f6skennell\u00e4 kanssamme?<\/h3>\n<p>T\u00e4yt\u00e4 alla oleva lomake, l\u00e4het\u00e4 CV:si s\u00e4hk\u00f6postitse osoitteeseen <a href=\"mailto: info@bongo.ee\">info@bongo.ee<\/a> tai soita:<br \/>\n<a href=\"tel:+37255599952\">+372 55599952<\/a><\/p>\n<h3 class=\"news\">Odotamme juuri sinua! <\/h3>\n<p>Aloita ty\u00f6skentely ja ansaitse nauttien jo t\u00e4n\u00e4\u00e4n!<\/p>\n<p>\n<div class=\"wpcf7 no-js\" id=\"wpcf7-f887-o5\" lang=\"et\" dir=\"ltr\" data-wpcf7-id=\"887\">\n<div class=\"screen-reader-response\"><p role=\"status\" aria-live=\"polite\" aria-atomic=\"true\"><\/p> <ul><\/ul><\/div>\n<form action=\"\/fi\/wp-json\/wp\/v2\/pages\/167#wpcf7-f887-o5\" method=\"post\" class=\"wpcf7-form init\" aria-label=\"Contact form\" novalidate=\"novalidate\" data-status=\"init\">\n<fieldset class=\"hidden-fields-container\"><input type=\"hidden\" name=\"_wpcf7\" value=\"887\" \/><input type=\"hidden\" name=\"_wpcf7_version\" value=\"6.1.4\" \/><input type=\"hidden\" name=\"_wpcf7_locale\" value=\"et\" \/><input type=\"hidden\" name=\"_wpcf7_unit_tag\" value=\"wpcf7-f887-o5\" \/><input type=\"hidden\" name=\"_wpcf7_container_post\" value=\"0\" \/><input type=\"hidden\" name=\"_wpcf7_posted_data_hash\" value=\"\" \/><input type=\"hidden\" name=\"_wpcf7_recaptcha_response\" value=\"\" \/>\n<\/fieldset>\n<p><span class=\"wpcf7-form-control-wrap\" data-name=\"text-594\"><input size=\"40\" maxlength=\"400\" class=\"wpcf7-form-control wpcf7-text wpcf7-validates-as-required\" aria-required=\"true\" aria-invalid=\"false\" placeholder=\"Nimi\" value=\"\" type=\"text\" name=\"text-594\" \/><\/span><br \/>\n<span class=\"wpcf7-form-control-wrap\" data-name=\"email-482\"><input size=\"40\" maxlength=\"400\" class=\"wpcf7-form-control wpcf7-email wpcf7-validates-as-required wpcf7-text wpcf7-validates-as-email longer\" aria-required=\"true\" aria-invalid=\"false\" placeholder=\"S\u00e4hk\u00f6posti\" value=\"\" type=\"email\" name=\"email-482\" \/><\/span><span class=\"wpcf7-form-control-wrap\" data-name=\"text-595\"><input size=\"40\" maxlength=\"400\" class=\"wpcf7-form-control wpcf7-text wpcf7-validates-as-required shorter\" aria-required=\"true\" aria-invalid=\"false\" placeholder=\"Puhelin\" value=\"\" type=\"text\" name=\"text-595\" \/><\/span><br \/>\n<input class=\"wpcf7-form-control wpcf7-submit has-spinner\" type=\"submit\" value=\"L\u00c4HET\u00c4\" \/>\n<\/p><p style=\"display: none !important;\" class=\"akismet-fields-container\" data-prefix=\"_wpcf7_ak_\"><label>&#916;<textarea name=\"_wpcf7_ak_hp_textarea\" cols=\"45\" rows=\"8\" maxlength=\"100\"><\/textarea><\/label><input type=\"hidden\" id=\"ak_js_5\" name=\"_wpcf7_ak_js\" value=\"119\"\/><script>document.getElementById( \"ak_js_5\" ).setAttribute( \"value\", ( new Date() ).getTime() );<\/script><\/p><input type='hidden' class='wpcf7-pum' value='{\"closepopup\":false,\"closedelay\":0,\"openpopup\":false,\"openpopup_id\":0}' \/><div class=\"wpcf7-response-output\" aria-hidden=\"true\"><\/div>\n<\/form>\n<\/div>\n<\/p>","protected":false},"excerpt":{"rendered":"<p>Etsitk\u00f6 vakaata ja mielenkiintoista ty\u00f6t\u00e4? Liity yst\u00e4v\u00e4lliseen BONGO-taksi-tiimiimme! Otamme mielell\u00e4mme vastaan kaikki kiinnostuneet, riippumatta kokemuksesta \u2013 koulutamme sinut alusta alkaen ja tuemme sinua jokaisessa vaiheessa. Mit\u00e4 tarjoamme: &bull; Virallinen ty\u00f6suhde ja apu kaikessa tarvittavassa dokumentaatiossa &mdash; niin kuljettajalle kuin ajoneuvolle. &bull; Koulutus paikan p\u00e4\u00e4ll\u00e4: opastamme ohjelman k\u00e4yt\u00f6ss\u00e4, tutustut peruslain tuntemukseen ja palvelustandardeihin. &bull; Ajoneuvovaihtoehdot: k\u00e4yt\u00f6ss\u00e4si [&hellip;]<\/p>\n","protected":false},"author":1,"featured_media":0,"parent":0,"menu_order":0,"comment_status":"closed","ping_status":"closed","template":"","meta":{"_acf_changed":false,"footnotes":""},"class_list":["post-167","page","type-page","status-publish","hentry"],"acf":[],"_links":{"self":[{"href":"https:\/\/www.bongo.ee\/fi\/wp-json\/wp\/v2\/pages\/167","targetHints":{"allow":["GET"]}}],"collection":[{"href":"https:\/\/www.bongo.ee\/fi\/wp-json\/wp\/v2\/pages"}],"about":[{"href":"https:\/\/www.bongo.ee\/fi\/wp-json\/wp\/v2\/types\/page"}],"author":[{"embeddable":true,"href":"https:\/\/www.bongo.ee\/fi\/wp-json\/wp\/v2\/users\/1"}],"replies":[{"embeddable":true,"href":"https:\/\/www.bongo.ee\/fi\/wp-json\/wp\/v2\/comments?post=167"}],"version-history":[{"count":5,"href":"https:\/\/www.bongo.ee\/fi\/wp-json\/wp\/v2\/pages\/167\/revisions"}],"predecessor-version":[{"id":1742,"href":"https:\/\/www.bongo.ee\/fi\/wp-json\/wp\/v2\/pages\/167\/revisions\/1742"}],"wp:attachment":[{"href":"https:\/\/www.bongo.ee\/fi\/wp-json\/wp\/v2\/media?parent=167"}],"curies":[{"name":"wp","href":"https:\/\/api.w.org\/{rel}","templated":true}]}}